{"id":4714,"date":"2019-01-19T17:50:08","date_gmt":"2019-01-19T16:50:08","guid":{"rendered":"https:\/\/www.klaus-bartels.de\/shop\/?page_id=4714"},"modified":"2022-10-18T12:33:29","modified_gmt":"2022-10-18T10:33:29","slug":"bezahlung","status":"publish","type":"page","link":"https:\/\/www.klaus-bartels.de\/shop\/informationen\/bezahlung\/","title":{"rendered":"Bezahlung"},"content":{"rendered":"<p>[vc_row full_width=&#8221;stretch_row&#8221; parallax=&#8221;content-moving-image&#8221; parallax_image=&#8221;4770&#8243; css=&#8221;.vc_custom_1548707543887{margin-top: -85px !important;}&#8221;][vc_column][vc_empty_space height=&#8221;200px&#8221; el_class=&#8221;hidden-xs hidden-sm&#8221;][vc_custom_heading text=&#8221;Bezahlung&#8221; font_container=&#8221;tag:h3|font_size:60px|text_align:center|color:%23ffffff|line_height:60px&#8221; use_theme_fonts=&#8221;yes&#8221; el_class=&#8221;text-header&#8221;][vc_empty_space height=&#8221;200px&#8221; el_class=&#8221;hidden-xs hidden-sm&#8221;][\/vc_column][\/vc_row][vc_row gap=&#8221;30&#8243; css=&#8221;.vc_custom_1548623456504{padding-top: 110px !important;padding-bottom: 110px !important;}&#8221;][vc_column width=&#8221;1\/3&#8243;][vc_custom_heading text=&#8221;Zahlungshinweise und Information zur Abwicklung&#8221; font_container=&#8221;tag:h4|text_align:right|color:%23232323&#8243; use_theme_fonts=&#8221;yes&#8221; el_class=&#8221;headline_h4_text&#8221; css=&#8221;.vc_custom_1666089195810{margin-top: 0px !important;padding-top: 0px !important;}&#8221;][\/vc_column][vc_column width=&#8221;2\/3&#8243;][vc_column_text]Da wir alle St\u00fchle f\u00fcr Sie pers\u00f6nlich in unserer Werkstatt produzieren, m\u00fcssen wir um Vorkasse bitten. Wir bitten um Ihr Verst\u00e4ndnis.[\/vc_column_text][vc_empty_space height=&#8221;20px&#8221;][vc_column_text]Bitte \u00fcberweisen Sie deshalb die Gesamtsumme auf unser Konto:<br \/>\nIBAN: DE16 771 500 00 0000 178897<br \/>\nBIC: BYLA DE M1KUB[\/vc_column_text][vc_empty_space height=&#8221;20px&#8221;][vc_column_text]Sobald Ihr \u201eLieblingsstuhl\u201c und seine eventuellen Begleiter fertig sind, benachrichtigen wir Sie zwecks Versand. Es muss ja auch jemand vor Ort sein, der die gro\u00dfen Pakete entgegen nimmt. [\/vc_column_text][\/vc_column][\/vc_row][vc_row full_width=&#8221;stretch_row&#8221; parallax=&#8221;content-moving-image&#8221; parallax_image=&#8221;4286&#8243; css=&#8221;.vc_custom_1547024169034{padding-top: 125px !important;padding-bottom: 125px !important;}&#8221;][vc_column][vc_column_text]<\/p>\n<h2 style=\"font-size: 42px; line-height: 52px; max-width: 420px; margin-bottom: 15px;\">Sie sind gewerblicher Abnehmer?<\/h2>\n<div style=\"font-size: 24px; line-height: 34px; padding-bottom: 20px;\">Preise f\u00fcr gewerbliche Abnahmemengen<br \/>\nbitte extra anfragen (Einrichtung von Gastronomie,<br \/>\nBildungsst\u00e4tten, Kommunen, Kirchen usw.)<\/div>\n<div class=\"btn btn-link\"><a title=\"Klaus Bartels - Echtholzdesign - Echtholz Stuhl- Schreinerei - Thurnau\" href=\"mailto:info@klaus-bartels.de\" target=\"_blank\" rel=\"noopener noreferrer\">info@klaus-bartels.de<\/a><\/div>\n<p>[\/vc_column_text][\/vc_column][\/vc_row]<\/p>\n","protected":false},"excerpt":{"rendered":"<p>[vc_row full_width=&#8221;stretch_row&#8221; parallax=&#8221;content-moving-image&#8221; parallax_image=&#8221;4770&#8243; css=&#8221;.vc_custom_1548707543887{margin-top: -85px !important;}&#8221;][vc_column][vc_empty_space height=&#8221;200px&#8221; el_class=&#8221;hidden-xs hidden-sm&#8221;][vc_custom_heading text=&#8221;Bezahlung&#8221; font_container=&#8221;tag:h3|font_size:60px|text_align:center|color:%23ffffff|line_height:60px&#8221; use_theme_fonts=&#8221;yes&#8221; el_class=&#8221;text-header&#8221;][vc_empty_space height=&#8221;200px&#8221; el_class=&#8221;hidden-xs hidden-sm&#8221;][\/vc_column][\/vc_row][vc_row gap=&#8221;30&#8243; css=&#8221;.vc_custom_1548623456504{padding-top: 110px !important;padding-bottom: 110px !important;}&#8221;][vc_column width=&#8221;1\/3&#8243;][vc_custom_heading text=&#8221;Zahlungshinweise und Information zur Abwicklung&#8221; font_container=&#8221;tag:h4|text_align:right|color:%23232323&#8243; use_theme_fonts=&#8221;yes&#8221; el_class=&#8221;headline_h4_text&#8221; css=&#8221;.vc_custom_1666089195810{margin-top: 0px !important;padding-top: 0px !important;}&#8221;][\/vc_column][vc_column width=&#8221;2\/3&#8243;][vc_column_text]Da wir alle St\u00fchle f\u00fcr Sie pers\u00f6nlich in unserer Werkstatt produzieren, m\u00fcssen wir um Vorkasse bitten. Wir bitten &hellip; <a href=\"https:\/\/www.klaus-bartels.de\/shop\/informationen\/bezahlung\/\" class=\"more-link\">Continue reading <span class=\"screen-reader-text\">Bezahlung<\/span><\/a><\/p>\n","protected":false},"author":1,"featured_media":0,"parent":4907,"menu_order":0,"comment_status":"closed","ping_status":"closed","template":"","meta":{"footnotes":""},"yoast_head":"<!-- This site is optimized with the Yoast SEO plugin v22.1 - https:\/\/yoast.com\/wordpress\/plugins\/seo\/ -->\n<title>Bezahlung &#8211; Echtholzstuhl<\/title>\n<meta name=\"description\" content=\"Impressum - Echtholzstuhl - Massivholz Stuhl aus der Manufaktur Schreinerei Klaus Bartels Echtolzdesign Thurnau, seit 1975.\" \/>\n<meta name=\"robots\" content=\"index, follow, max-snippet:-1, max-image-preview:large, max-video-preview:-1\" \/>\n<link rel=\"canonical\" href=\"https:\/\/www.klaus-bartels.de\/shop\/informationen\/bezahlung\/\" \/>\n<meta property=\"og:locale\" content=\"de_DE\" \/>\n<meta property=\"og:type\" content=\"article\" \/>\n<meta property=\"og:title\" content=\"Bezahlung &#8211; Echtholzstuhl\" \/>\n<meta property=\"og:description\" content=\"Impressum - Echtholzstuhl - Massivholz Stuhl aus der Manufaktur Schreinerei Klaus Bartels Echtolzdesign Thurnau, seit 1975.\" \/>\n<meta property=\"og:url\" content=\"https:\/\/www.klaus-bartels.de\/shop\/informationen\/bezahlung\/\" \/>\n<meta property=\"og:site_name\" content=\"Echtholzstuhl\" \/>\n<meta property=\"article:modified_time\" content=\"2022-10-18T10:33:29+00:00\" \/>\n<meta name=\"twitter:card\" content=\"summary_large_image\" \/>\n<meta name=\"twitter:label1\" content=\"Gesch\u00e4tzte Lesezeit\" \/>\n\t<meta name=\"twitter:data1\" content=\"1\u00a0Minute\" \/>\n<script type=\"application\/ld+json\" class=\"yoast-schema-graph\">{\"@context\":\"https:\/\/schema.org\",\"@graph\":[{\"@type\":\"WebPage\",\"@id\":\"https:\/\/www.klaus-bartels.de\/shop\/informationen\/bezahlung\/\",\"url\":\"https:\/\/www.klaus-bartels.de\/shop\/informationen\/bezahlung\/\",\"name\":\"Bezahlung &#8211; Echtholzstuhl\",\"isPartOf\":{\"@id\":\"https:\/\/www.klaus-bartels.de\/shop\/#website\"},\"datePublished\":\"2019-01-19T16:50:08+00:00\",\"dateModified\":\"2022-10-18T10:33:29+00:00\",\"description\":\"Impressum - Echtholzstuhl - Massivholz Stuhl aus der Manufaktur Schreinerei Klaus Bartels Echtolzdesign Thurnau, seit 1975.\",\"breadcrumb\":{\"@id\":\"https:\/\/www.klaus-bartels.de\/shop\/informationen\/bezahlung\/#breadcrumb\"},\"inLanguage\":\"de\",\"potentialAction\":[{\"@type\":\"ReadAction\",\"target\":[\"https:\/\/www.klaus-bartels.de\/shop\/informationen\/bezahlung\/\"]}]},{\"@type\":\"BreadcrumbList\",\"@id\":\"https:\/\/www.klaus-bartels.de\/shop\/informationen\/bezahlung\/#breadcrumb\",\"itemListElement\":[{\"@type\":\"ListItem\",\"position\":1,\"name\":\"Startseite\",\"item\":\"https:\/\/www.klaus-bartels.de\/shop\/\"},{\"@type\":\"ListItem\",\"position\":2,\"name\":\"Informationen\",\"item\":\"https:\/\/www.klaus-bartels.de\/shop\/informationen\/\"},{\"@type\":\"ListItem\",\"position\":3,\"name\":\"Bezahlung\"}]},{\"@type\":\"WebSite\",\"@id\":\"https:\/\/www.klaus-bartels.de\/shop\/#website\",\"url\":\"https:\/\/www.klaus-bartels.de\/shop\/\",\"name\":\"Echtholzstuhl - Massivholzst\u00fchle von Klaus Bartels Schreinerei Thurnau\",\"description\":\"Klaus Bartels - Echtholzdesign - Schreinerei | Thurnau\",\"publisher\":{\"@id\":\"https:\/\/www.klaus-bartels.de\/shop\/#organization\"},\"potentialAction\":[{\"@type\":\"SearchAction\",\"target\":{\"@type\":\"EntryPoint\",\"urlTemplate\":\"https:\/\/www.klaus-bartels.de\/shop\/?s={search_term_string}\"},\"query-input\":\"required name=search_term_string\"}],\"inLanguage\":\"de\"},{\"@type\":\"Organization\",\"@id\":\"https:\/\/www.klaus-bartels.de\/shop\/#organization\",\"name\":\"Echtholzstuhl \u2013 Klaus Bartels \u2013 Schreinerei\",\"url\":\"https:\/\/www.klaus-bartels.de\/shop\/\",\"logo\":{\"@type\":\"ImageObject\",\"inLanguage\":\"de\",\"@id\":\"https:\/\/www.klaus-bartels.de\/shop\/#\/schema\/logo\/image\/\",\"url\":\"https:\/\/www.klaus-bartels.de\/shop\/wp-content\/uploads\/2019\/01\/logo_footer_echtholzstuhl_thurnau.png\",\"contentUrl\":\"https:\/\/www.klaus-bartels.de\/shop\/wp-content\/uploads\/2019\/01\/logo_footer_echtholzstuhl_thurnau.png\",\"width\":435,\"height\":92,\"caption\":\"Echtholzstuhl \u2013 Klaus Bartels \u2013 Schreinerei\"},\"image\":{\"@id\":\"https:\/\/www.klaus-bartels.de\/shop\/#\/schema\/logo\/image\/\"}}]}<\/script>\n<!-- \/ Yoast SEO plugin. -->","yoast_head_json":{"title":"Bezahlung &#8211; Echtholzstuhl","description":"Impressum - Echtholzstuhl - Massivholz Stuhl aus der Manufaktur Schreinerei Klaus Bartels Echtolzdesign Thurnau, seit 1975.","robots":{"index":"index","follow":"follow","max-snippet":"max-snippet:-1","max-image-preview":"max-image-preview:large","max-video-preview":"max-video-preview:-1"},"canonical":"https:\/\/www.klaus-bartels.de\/shop\/informationen\/bezahlung\/","og_locale":"de_DE","og_type":"article","og_title":"Bezahlung &#8211; Echtholzstuhl","og_description":"Impressum - Echtholzstuhl - Massivholz Stuhl aus der Manufaktur Schreinerei Klaus Bartels Echtolzdesign Thurnau, seit 1975.","og_url":"https:\/\/www.klaus-bartels.de\/shop\/informationen\/bezahlung\/","og_site_name":"Echtholzstuhl","article_modified_time":"2022-10-18T10:33:29+00:00","twitter_card":"summary_large_image","twitter_misc":{"Gesch\u00e4tzte Lesezeit":"1\u00a0Minute"},"schema":{"@context":"https:\/\/schema.org","@graph":[{"@type":"WebPage","@id":"https:\/\/www.klaus-bartels.de\/shop\/informationen\/bezahlung\/","url":"https:\/\/www.klaus-bartels.de\/shop\/informationen\/bezahlung\/","name":"Bezahlung &#8211; Echtholzstuhl","isPartOf":{"@id":"https:\/\/www.klaus-bartels.de\/shop\/#website"},"datePublished":"2019-01-19T16:50:08+00:00","dateModified":"2022-10-18T10:33:29+00:00","description":"Impressum - Echtholzstuhl - Massivholz Stuhl aus der Manufaktur Schreinerei Klaus Bartels Echtolzdesign Thurnau, seit 1975.","breadcrumb":{"@id":"https:\/\/www.klaus-bartels.de\/shop\/informationen\/bezahlung\/#breadcrumb"},"inLanguage":"de","potentialAction":[{"@type":"ReadAction","target":["https:\/\/www.klaus-bartels.de\/shop\/informationen\/bezahlung\/"]}]},{"@type":"BreadcrumbList","@id":"https:\/\/www.klaus-bartels.de\/shop\/informationen\/bezahlung\/#breadcrumb","itemListElement":[{"@type":"ListItem","position":1,"name":"Startseite","item":"https:\/\/www.klaus-bartels.de\/shop\/"},{"@type":"ListItem","position":2,"name":"Informationen","item":"https:\/\/www.klaus-bartels.de\/shop\/informationen\/"},{"@type":"ListItem","position":3,"name":"Bezahlung"}]},{"@type":"WebSite","@id":"https:\/\/www.klaus-bartels.de\/shop\/#website","url":"https:\/\/www.klaus-bartels.de\/shop\/","name":"Echtholzstuhl - Massivholzst\u00fchle von Klaus Bartels Schreinerei Thurnau","description":"Klaus Bartels - Echtholzdesign - Schreinerei | Thurnau","publisher":{"@id":"https:\/\/www.klaus-bartels.de\/shop\/#organization"},"potentialAction":[{"@type":"SearchAction","target":{"@type":"EntryPoint","urlTemplate":"https:\/\/www.klaus-bartels.de\/shop\/?s={search_term_string}"},"query-input":"required name=search_term_string"}],"inLanguage":"de"},{"@type":"Organization","@id":"https:\/\/www.klaus-bartels.de\/shop\/#organization","name":"Echtholzstuhl \u2013 Klaus Bartels \u2013 Schreinerei","url":"https:\/\/www.klaus-bartels.de\/shop\/","logo":{"@type":"ImageObject","inLanguage":"de","@id":"https:\/\/www.klaus-bartels.de\/shop\/#\/schema\/logo\/image\/","url":"https:\/\/www.klaus-bartels.de\/shop\/wp-content\/uploads\/2019\/01\/logo_footer_echtholzstuhl_thurnau.png","contentUrl":"https:\/\/www.klaus-bartels.de\/shop\/wp-content\/uploads\/2019\/01\/logo_footer_echtholzstuhl_thurnau.png","width":435,"height":92,"caption":"Echtholzstuhl \u2013 Klaus Bartels \u2013 Schreinerei"},"image":{"@id":"https:\/\/www.klaus-bartels.de\/shop\/#\/schema\/logo\/image\/"}}]}},"_links":{"self":[{"href":"https:\/\/www.klaus-bartels.de\/shop\/wp-json\/wp\/v2\/pages\/4714"}],"collection":[{"href":"https:\/\/www.klaus-bartels.de\/shop\/wp-json\/wp\/v2\/pages"}],"about":[{"href":"https:\/\/www.klaus-bartels.de\/shop\/wp-json\/wp\/v2\/types\/page"}],"author":[{"embeddable":true,"href":"https:\/\/www.klaus-bartels.de\/shop\/wp-json\/wp\/v2\/users\/1"}],"replies":[{"embeddable":true,"href":"https:\/\/www.klaus-bartels.de\/shop\/wp-json\/wp\/v2\/comments?post=4714"}],"version-history":[{"count":16,"href":"https:\/\/www.klaus-bartels.de\/shop\/wp-json\/wp\/v2\/pages\/4714\/revisions"}],"predecessor-version":[{"id":5030,"href":"https:\/\/www.klaus-bartels.de\/shop\/wp-json\/wp\/v2\/pages\/4714\/revisions\/5030"}],"up":[{"embeddable":true,"href":"https:\/\/www.klaus-bartels.de\/shop\/wp-json\/wp\/v2\/pages\/4907"}],"wp:attachment":[{"href":"https:\/\/www.klaus-bartels.de\/shop\/wp-json\/wp\/v2\/media?parent=4714"}],"curies":[{"name":"wp","href":"https:\/\/api.w.org\/{rel}","templated":true}]}}