{"id":4368,"date":"2019-01-07T12:36:56","date_gmt":"2019-01-07T11:36:56","guid":{"rendered":"https:\/\/www.klaus-bartels.de\/shop\/?page_id=4368"},"modified":"2020-09-07T14:43:45","modified_gmt":"2020-09-07T12:43:45","slug":"stuhl-caresse-der-rueckenschmeichler","status":"publish","type":"page","link":"https:\/\/www.klaus-bartels.de\/shop\/produktuebersicht\/stuhl-caresse-der-rueckenschmeichler\/","title":{"rendered":"Caresse der R\u00fcckenschmeichler"},"content":{"rendered":"<p>[vc_row full_width=&#8221;stretch_row&#8221; parallax=&#8221;content-moving-image&#8221; parallax_image=&#8221;4369&#8243; css=&#8221;.vc_custom_1546861015803{margin-top: -85px !important;}&#8221;][vc_column css=&#8221;.vc_custom_1546016602331{padding-top: 200px !important;padding-bottom: 200px !important;}&#8221;][vc_custom_heading text=&#8221;Stuhl Caresse&#8221; font_container=&#8221;tag:h2|font_size:60px|text_align:center|color:%23232323|line_height:60px&#8221; use_theme_fonts=&#8221;yes&#8221; el_class=&#8221;text-header&#8221;][\/vc_column][\/vc_row][vc_row][vc_column offset=&#8221;vc_col-lg-12&#8243;][vc_empty_space height=&#8221;80px&#8221; el_class=&#8221;hidden-xs&#8221;][vc_row_inner][vc_column_inner][vc_custom_heading text=&#8221;Caresse der R\u00fcckenschmeichler&#8221; font_container=&#8221;tag:h2|font_size:42px|text_align:left|line_height:40px&#8221; use_theme_fonts=&#8221;yes&#8221; el_class=&#8221;text-header&#8221;][\/vc_column_inner][\/vc_row_inner][vc_row_inner gap=&#8221;30&#8243;][vc_column_inner width=&#8221;1\/2&#8243;][vc_column_text]Ein Stuhl, der seit \u00fcber 10 Jahren in den diversen Objekteinrichtungen und unz\u00e4hligen H\u00e4usern seinem Namen alle Ehre macht.<\/p>\n<p>2006 wurde er mit dem Designpreis des Handwerks \u201eSEITENSPR\u00dcNGE\u201c ausgezeichnet und 2007 wurde er zum BUNDESDESIGNPREIS nominiert.<\/p>\n<p>Die Langlebigkeit dieses handwerklich hergestellten Stuhles in Massivholz l\u00e4sst sich in den diversen Objekteinrichtungen nachpr\u00fcfen, vom Restaurant, \u00fcber kirchliche Einrichtungen bis hin zu schulischen Einsatzzwecken. [\/vc_column_text][\/vc_column_inner][vc_column_inner width=&#8221;1\/2&#8243;][vc_column_text]Die Wahrhaftigkeit seines Namens \u201eR\u00fcckenschmeichler\u201c muss man sp\u00fcren. Die weich ausgeformte R\u00fcckenlehne nimmt den R\u00fccken auf, als wenn er daf\u00fcr gewachsen w\u00e4re.<\/p>\n<p>Der Stuhl ist stapelbar und wird in diversen Massivh\u00f6lzern heimischer Herkunft gefertigt, am meisten jedoch in ausgesuchter Kernbuche aus W\u00e4ldern der Region.<\/p>\n<p>Die Oberfl\u00e4che von dem Stuhl ist ge\u00f6lt mit dem biologischen Naturharz\u00f6l der Firma Livos, einer der ersten Firmen, die all ihre Inhaltsstoffe deklariert haben. Damit ist die Oberfl\u00e4che nahezu unverw\u00fcstlich. [\/vc_column_text][\/vc_column_inner][\/vc_row_inner][\/vc_column][\/vc_row][vc_row][vc_column][vc_column_text]<\/p>\n<p>[\/vc_column_text][\/vc_column][\/vc_row][vc_row gap=&#8221;30&#8243; css=&#8221;.vc_custom_1547118052099{padding-top: 100px !important;padding-bottom: 40px !important;}&#8221;][vc_column width=&#8221;1\/4&#8243;][vc_single_image image=&#8221;4786&#8243; img_size=&#8221;full&#8221; onclick=&#8221;link_image&#8221;][vc_column_text css=&#8221;.vc_custom_1547120216356{padding-top: 10px !important;}&#8221;]<strong>Stuhl CARESSE<\/strong><br \/>\nStapel von hinten[\/vc_column_text][\/vc_column][vc_column width=&#8221;1\/4&#8243;][vc_single_image image=&#8221;4403&#8243; img_size=&#8221;full&#8221; onclick=&#8221;link_image&#8221;][vc_column_text css=&#8221;.vc_custom_1547120298925{padding-top: 10px !important;}&#8221;]<strong>Stuhl CARESSE<\/strong><br \/>\nDetail Ru\u0308cken[\/vc_column_text][\/vc_column][vc_column width=&#8221;1\/4&#8243;][vc_single_image image=&#8221;4402&#8243; img_size=&#8221;full&#8221; onclick=&#8221;link_image&#8221;][vc_column_text css=&#8221;.vc_custom_1547120342042{padding-top: 10px !important;}&#8221;]<strong>Stuhl CARESSE<\/strong><br \/>\nKernbuche[\/vc_column_text][\/vc_column][vc_column width=&#8221;1\/4&#8243;][vc_single_image image=&#8221;4788&#8243; img_size=&#8221;full&#8221; onclick=&#8221;link_image&#8221;][vc_column_text css=&#8221;.vc_custom_1547120450668{padding-top: 10px !important;}&#8221;]<strong>Stuhl CARESSE<\/strong><br \/>\nKirsche[\/vc_column_text][\/vc_column][\/vc_row][vc_row gap=&#8221;30&#8243; css=&#8221;.vc_custom_1547120851347{padding-bottom: 40px !important;}&#8221;][vc_column width=&#8221;1\/4&#8243;][vc_single_image image=&#8221;4395&#8243; img_size=&#8221;full&#8221; onclick=&#8221;link_image&#8221;][vc_column_text css=&#8221;.vc_custom_1547120501991{padding-top: 10px !important;}&#8221;]<strong>Stuhl CARESSE<\/strong><br \/>\nStapel von vorn[\/vc_column_text][\/vc_column][vc_column width=&#8221;1\/4&#8243;][vc_single_image image=&#8221;4394&#8243; img_size=&#8221;full&#8221; onclick=&#8221;link_image&#8221;][vc_column_text css=&#8221;.vc_custom_1547120600665{padding-top: 10px !important;}&#8221;]<strong>Stuhl CARESSE<\/strong><br \/>\nAhorn lila gebeizt[\/vc_column_text][\/vc_column][vc_column width=&#8221;1\/4&#8243;][vc_single_image image=&#8221;4393&#8243; img_size=&#8221;full&#8221; onclick=&#8221;link_image&#8221;][vc_column_text css=&#8221;.vc_custom_1547120701758{padding-top: 10px !important;}&#8221;]<strong>Stuhl CARESSE<\/strong><br \/>\nAhorn rot gebeizt[\/vc_column_text][\/vc_column][vc_column width=&#8221;1\/4&#8243;][vc_single_image image=&#8221;4392&#8243; img_size=&#8221;full&#8221; onclick=&#8221;link_image&#8221;][vc_column_text css=&#8221;.vc_custom_1547120689702{padding-top: 10px !important;}&#8221;]<strong>Stuhl CARESSE<\/strong><br \/>\nAhorn orange gebeizt[\/vc_column_text][\/vc_column][\/vc_row][vc_row gap=&#8221;30&#8243; css=&#8221;.vc_custom_1547121253469{padding-bottom: 40px !important;}&#8221;][vc_column width=&#8221;1\/4&#8243;][vc_single_image image=&#8221;4391&#8243; img_size=&#8221;full&#8221; onclick=&#8221;link_image&#8221;][vc_column_text css=&#8221;.vc_custom_1547120501991{padding-top: 10px !important;}&#8221;]<strong>Stuhl CARESSE<\/strong><br \/>\nStapel von vorn[\/vc_column_text][\/vc_column][vc_column width=&#8221;1\/4&#8243;][vc_single_image image=&#8221;4390&#8243; img_size=&#8221;full&#8221; onclick=&#8221;link_image&#8221;][vc_column_text css=&#8221;.vc_custom_1547121141144{padding-top: 10px !important;}&#8221;]<strong>Stuhl CARESSE<\/strong><br \/>\nAhorn gelb gebeizt[\/vc_column_text][\/vc_column][vc_column width=&#8221;1\/4&#8243;][vc_single_image image=&#8221;4389&#8243; img_size=&#8221;full&#8221; onclick=&#8221;link_image&#8221;][vc_column_text css=&#8221;.vc_custom_1547121176865{padding-top: 10px !important;}&#8221;]<strong>Stuhl CARESSE<\/strong><br \/>\nNussbaum[\/vc_column_text][\/vc_column][vc_column width=&#8221;1\/4&#8243;][vc_single_image image=&#8221;4790&#8243; img_size=&#8221;full&#8221; onclick=&#8221;link_image&#8221;][vc_column_text css=&#8221;.vc_custom_1547121208842{padding-top: 10px !important;}&#8221;]<strong>Stuhl CARESSE<\/strong><br \/>\nAhorn[\/vc_column_text][\/vc_column][\/vc_row][vc_row gap=&#8221;30&#8243; css=&#8221;.vc_custom_1547118060391{padding-bottom: 100px !important;}&#8221;][vc_column width=&#8221;1\/4&#8243;][vc_single_image image=&#8221;4387&#8243; img_size=&#8221;full&#8221; onclick=&#8221;link_image&#8221;][vc_column_text css=&#8221;.vc_custom_1547123210302{padding-top: 10px !important;}&#8221;]<strong>Stuhl CARESSE<\/strong><br \/>\nBuche mit Lederpolster[\/vc_column_text][\/vc_column][vc_column width=&#8221;1\/4&#8243;][vc_single_image image=&#8221;4386&#8243; img_size=&#8221;full&#8221; onclick=&#8221;link_image&#8221;][vc_column_text css=&#8221;.vc_custom_1547123261472{padding-top: 10px !important;}&#8221;]<strong>Stuhl CARESSE<\/strong><br \/>\nKernbuche mit Armlehne[\/vc_column_text][\/vc_column][vc_column width=&#8221;1\/4&#8243;][vc_single_image image=&#8221;4398&#8243; img_size=&#8221;full&#8221; onclick=&#8221;link_image&#8221;][vc_column_text css=&#8221;.vc_custom_1547123370160{padding-top: 10px !important;}&#8221;]<strong>Stuhl CARESSE<\/strong><br \/>\nStapel bunte von vorne[\/vc_column_text][\/vc_column][vc_column width=&#8221;1\/4&#8243;][\/vc_column][\/vc_row][vc_row gap=&#8221;30&#8243; css=&#8221;.vc_custom_1546859937512{margin-bottom: 120px !important;}&#8221;][vc_column width=&#8221;1\/4&#8243;][vc_custom_heading text=&#8221;Holzarten&#8221; font_container=&#8221;tag:h4|text_align:left|color:%23232323&#8243; use_theme_fonts=&#8221;yes&#8221; el_class=&#8221;headline_h4_text&#8221; css=&#8221;.vc_custom_1546856567008{margin-bottom: 30px !important;}&#8221;][vc_column_text]- Kernbuche <span style=\"color: #990000; font-family: DarwinPro-SemiBold;\">\u20ac 390,-<\/span><br \/>\n&#8211; Esche <span style=\"color: #990000; font-family: DarwinPro-SemiBold;\">\u20ac 482,-<\/span><br \/>\n&#8211; Eiche <span style=\"color: #990000; font-family: DarwinPro-SemiBold;\">\u20ac 482,-<\/span><br \/>\n&#8211; Kirsche <span style=\"color: #990000; font-family: DarwinPro-SemiBold;\">\u20ac 482,-<\/span><br \/>\n&#8211; Ahron <span style=\"color: #990000; font-family: DarwinPro-SemiBold;\">\u20ac 482,-<\/span><br \/>\n&#8211; Buche <span style=\"color: #990000; font-family: DarwinPro-SemiBold;\">\u20ac 482,-<\/span><br \/>\n&#8211; Nussbaum <span style=\"color: #990000; font-family: DarwinPro-SemiBold;\">\u20ac 509,-<\/span><br \/>\n&#8211; Ahron bunt gebeizt <span style=\"color: #990000; font-family: DarwinPro-SemiBold;\">\u20ac 512,-<\/span><\/p>\n<p><strong>Sie sind gewerblicher Abnehmer?<\/strong><br \/>\nPreise f\u00fcr gewerbliche Abnahmemengen bitte extra anfragen (Einrichtung von Gastronomie, Bildungsst\u00e4tten, Kommunen, Kirchen usw.)<\/p>\n<p>Alle genannten Preise:<br \/>\n&#8211; ab Werk<br \/>\n&#8211; inkl. 19% MwSt.[\/vc_column_text][\/vc_column][vc_column width=&#8221;1\/4&#8243;][vc_custom_heading text=&#8221;Individualisierungen&#8221; font_container=&#8221;tag:h4|text_align:left|color:%23232323&#8243; use_theme_fonts=&#8221;yes&#8221; el_class=&#8221;headline_h4_text&#8221; css=&#8221;.vc_custom_1546856756863{margin-bottom: 30px !important;}&#8221;][vc_column_text]Individuelle Zusammenstellungen sind nat\u00fcrlich auch m\u00f6glich:<br \/>\nGestell einerseits,<br \/>\nSitz und Lehne anderseits<\/p>\n<p>Aufpolsterung Polstersitz Lederbezug:<br \/>\nzzgl. <span style=\"color: #990000; font-family: DarwinPro-SemiBold;\">\u20ac 52,-<\/span> pro Stuhl<\/p>\n<p>Armlehnen:<br \/>\nzzgl. <span style=\"color: #990000; font-family: DarwinPro-SemiBold;\">\u20ac 178,-<\/span> pro Stuhl[\/vc_column_text][\/vc_column][vc_column width=&#8221;1\/4&#8243;][vc_custom_heading text=&#8221;Lieferfrist&#8221; font_container=&#8221;tag:h4|text_align:left|color:%23232323&#8243; use_theme_fonts=&#8221;yes&#8221; el_class=&#8221;headline_h4_text&#8221; css=&#8221;.vc_custom_1546856781427{margin-bottom: 30px !important;}&#8221;][vc_column_text]- Kernbuche ca. 3 Woche<br \/>\n&#8211; andere H\u00f6lzer ca. 10 Wochen<br \/>\nFragen Sie bitte nach, wir geben Ihnen gerne n\u00e4here Auskunft.<\/p>\n<p>Verpackung (Karton) und Versand pro Stuhl bei Abnahme bis zu 4 St\u00fcck (i. Deutschland)<br \/>\nzzgl. <span style=\"color: #990000; font-family: DarwinPro-SemiBold;\">\u20ac 42,-<\/span> pro Stuhl<\/p>\n<p>Auslieferung auf Wunsch m\u00f6glich.[\/vc_column_text][\/vc_column][vc_column width=&#8221;1\/4&#8243;][vc_custom_heading text=&#8221;Gesch\u00fctztes Design&#8221; font_container=&#8221;tag:h4|text_align:left|color:%23232323&#8243; use_theme_fonts=&#8221;yes&#8221; el_class=&#8221;headline_h4_text&#8221; css=&#8221;.vc_custom_1546857144758{margin-bottom: 30px !important;}&#8221;][vc_column_text]Alle Designs sind von Klaus Bartels und <strong>patentrechtlich gesch\u00fctzt<\/strong>. Etwaige Nachbauten, Kopien, Plagiate usw. werden anwaltlich geahndet.[\/vc_column_text][\/vc_column][vc_column][vc_row_inner gap=&#8221;30&#8243;][vc_column_inner width=&#8221;1\/4&#8243;][\/vc_column_inner][vc_column_inner width=&#8221;1\/2&#8243;][vc_btn title=&#8221;Stuhl CARESSE konfigurieren&#8221; align=&#8221;center&#8221; i_icon_fontawesome=&#8221;fa fa-chevron-right&#8221; css_animation=&#8221;fadeIn&#8221; button_block=&#8221;true&#8221; add_icon=&#8221;true&#8221; el_class=&#8221;button_typo&#8221; link=&#8221;url:https%3A%2F%2Fwww.klaus-bartels.de\/shop%2Fprodukt%2Fstuhl-caresse%2F|title:Stuhl%20CARESSE%20-%20Echtholz%20Stuhl%20-%20Klaus%20Bartels%20-%20Echtholzdesign||&#8221;][vc_btn title=&#8221;Stuhl CARESSE BUNT konfigurieren&#8221; align=&#8221;center&#8221; i_icon_fontawesome=&#8221;fa fa-chevron-right&#8221; css_animation=&#8221;fadeIn&#8221; button_block=&#8221;true&#8221; add_icon=&#8221;true&#8221; el_class=&#8221;button_typo&#8221; link=&#8221;url:https%3A%2F%2Fwww.klaus-bartels.de\/shop%2Fprodukt%2Fstuhl-caresse-bunt%2F|title:Stuhl%20CARESSE%20BUNT-%20Echtholz%20Stuhl%20-%20Klaus%20Bartels%20-%20Echtholzdesign||&#8221; css=&#8221;.vc_custom_1547130253819{padding-top: 30px !important;}&#8221;][\/vc_column_inner][vc_column_inner width=&#8221;1\/4&#8243;][\/vc_column_inner][\/vc_row_inner][\/vc_column][\/vc_row][vc_row full_width=&#8221;stretch_row&#8221; parallax=&#8221;content-moving-image&#8221; parallax_image=&#8221;4285&#8243; css=&#8221;.vc_custom_1546758013428{padding-top: 125px !important;padding-bottom: 125px !important;}&#8221;][vc_column][vc_column_text]<\/p>\n<h2 style=\"font-size: 42px; line-height: 52px; max-width: 420px; margin-bottom: 15px;\">Echtholzdesign&#8230;<br \/>\nWir lieben Holz!<\/h2>\n<div style=\"font-size: 24px; line-height: 34px; padding-bottom: 20px;\">Unsere Pr\u00e4missen sind<br \/>\nformsch\u00f6n-haltbar-zeitlos-nachhaltig.<br \/>\nSie haben Fragen?<br \/>\nWir helfen gerne.<\/div>\n<div class=\"btn btn-link\"><a title=\"Klaus Bartels - Echtholzdesign - Echtholz Stuhl- Schreinerei - Thurnau\" href=\"mailto:info@klaus-bartels.de\" target=\"_blank\" rel=\"noopener noreferrer\">info@klaus-bartels.de<\/a><\/div>\n<p>[\/vc_column_text][\/vc_column][\/vc_row]<\/p>\n","protected":false},"excerpt":{"rendered":"<p>[vc_row full_width=&#8221;stretch_row&#8221; parallax=&#8221;content-moving-image&#8221; parallax_image=&#8221;4369&#8243; css=&#8221;.vc_custom_1546861015803{margin-top: -85px !important;}&#8221;][vc_column css=&#8221;.vc_custom_1546016602331{padding-top: 200px !important;padding-bottom: 200px !important;}&#8221;][vc_custom_heading text=&#8221;Stuhl Caresse&#8221; font_container=&#8221;tag:h2|font_size:60px|text_align:center|color:%23232323|line_height:60px&#8221; use_theme_fonts=&#8221;yes&#8221; el_class=&#8221;text-header&#8221;][\/vc_column][\/vc_row][vc_row][vc_column offset=&#8221;vc_col-lg-12&#8243;][vc_empty_space height=&#8221;80px&#8221; el_class=&#8221;hidden-xs&#8221;][vc_row_inner][vc_column_inner][vc_custom_heading text=&#8221;Caresse der R\u00fcckenschmeichler&#8221; font_container=&#8221;tag:h2|font_size:42px|text_align:left|line_height:40px&#8221; use_theme_fonts=&#8221;yes&#8221; el_class=&#8221;text-header&#8221;][\/vc_column_inner][\/vc_row_inner][vc_row_inner gap=&#8221;30&#8243;][vc_column_inner width=&#8221;1\/2&#8243;][vc_column_text]Ein Stuhl, der seit \u00fcber 10 Jahren in den diversen Objekteinrichtungen und unz\u00e4hligen H\u00e4usern seinem Namen alle Ehre macht. 2006 wurde er mit dem Designpreis des Handwerks \u201eSEITENSPR\u00dcNGE\u201c &hellip; <a href=\"https:\/\/www.klaus-bartels.de\/shop\/produktuebersicht\/stuhl-caresse-der-rueckenschmeichler\/\" class=\"more-link\">Continue reading <span class=\"screen-reader-text\">Caresse der R\u00fcckenschmeichler<\/span><\/a><\/p>\n","protected":false},"author":1,"featured_media":0,"parent":4914,"menu_order":0,"comment_status":"closed","ping_status":"closed","template":"","meta":{"footnotes":""},"yoast_head":"<!-- This site is optimized with the Yoast SEO plugin v22.1 - https:\/\/yoast.com\/wordpress\/plugins\/seo\/ -->\n<title>Caresse der R\u00fcckenschmeichler &#8211; Echtholzstuhl<\/title>\n<meta name=\"description\" content=\"Caresse - Echtholzstuhl - Massivholz Stuhl aus der Manufaktur Schreinerei Klaus Bartels Echtolzdesign Thurnau, seit 1975.\" \/>\n<meta name=\"robots\" content=\"index, follow, max-snippet:-1, max-image-preview:large, max-video-preview:-1\" \/>\n<link rel=\"canonical\" href=\"https:\/\/www.klaus-bartels.de\/shop\/produktuebersicht\/stuhl-caresse-der-rueckenschmeichler\/\" \/>\n<meta property=\"og:locale\" content=\"de_DE\" \/>\n<meta property=\"og:type\" content=\"article\" \/>\n<meta property=\"og:title\" content=\"Caresse der R\u00fcckenschmeichler &#8211; Echtholzstuhl\" \/>\n<meta property=\"og:description\" content=\"Caresse - Echtholzstuhl - Massivholz Stuhl aus der Manufaktur Schreinerei Klaus Bartels Echtolzdesign Thurnau, seit 1975.\" \/>\n<meta property=\"og:url\" content=\"https:\/\/www.klaus-bartels.de\/shop\/produktuebersicht\/stuhl-caresse-der-rueckenschmeichler\/\" \/>\n<meta property=\"og:site_name\" content=\"Echtholzstuhl\" \/>\n<meta property=\"article:modified_time\" content=\"2020-09-07T12:43:45+00:00\" \/>\n<meta name=\"twitter:card\" content=\"summary_large_image\" \/>\n<meta name=\"twitter:label1\" content=\"Gesch\u00e4tzte Lesezeit\" \/>\n\t<meta name=\"twitter:data1\" content=\"7\u00a0Minuten\" \/>\n<script type=\"application\/ld+json\" class=\"yoast-schema-graph\">{\"@context\":\"https:\/\/schema.org\",\"@graph\":[{\"@type\":\"WebPage\",\"@id\":\"https:\/\/www.klaus-bartels.de\/shop\/produktuebersicht\/stuhl-caresse-der-rueckenschmeichler\/\",\"url\":\"https:\/\/www.klaus-bartels.de\/shop\/produktuebersicht\/stuhl-caresse-der-rueckenschmeichler\/\",\"name\":\"Caresse der R\u00fcckenschmeichler &#8211; Echtholzstuhl\",\"isPartOf\":{\"@id\":\"https:\/\/www.klaus-bartels.de\/shop\/#website\"},\"datePublished\":\"2019-01-07T11:36:56+00:00\",\"dateModified\":\"2020-09-07T12:43:45+00:00\",\"description\":\"Caresse - Echtholzstuhl - Massivholz Stuhl aus der Manufaktur Schreinerei Klaus Bartels Echtolzdesign Thurnau, seit 1975.\",\"breadcrumb\":{\"@id\":\"https:\/\/www.klaus-bartels.de\/shop\/produktuebersicht\/stuhl-caresse-der-rueckenschmeichler\/#breadcrumb\"},\"inLanguage\":\"de\",\"potentialAction\":[{\"@type\":\"ReadAction\",\"target\":[\"https:\/\/www.klaus-bartels.de\/shop\/produktuebersicht\/stuhl-caresse-der-rueckenschmeichler\/\"]}]},{\"@type\":\"BreadcrumbList\",\"@id\":\"https:\/\/www.klaus-bartels.de\/shop\/produktuebersicht\/stuhl-caresse-der-rueckenschmeichler\/#breadcrumb\",\"itemListElement\":[{\"@type\":\"ListItem\",\"position\":1,\"name\":\"Startseite\",\"item\":\"https:\/\/www.klaus-bartels.de\/shop\/\"},{\"@type\":\"ListItem\",\"position\":2,\"name\":\"Produkt\u00fcbersicht\",\"item\":\"https:\/\/www.klaus-bartels.de\/shop\/produktuebersicht\/\"},{\"@type\":\"ListItem\",\"position\":3,\"name\":\"Caresse der R\u00fcckenschmeichler\"}]},{\"@type\":\"WebSite\",\"@id\":\"https:\/\/www.klaus-bartels.de\/shop\/#website\",\"url\":\"https:\/\/www.klaus-bartels.de\/shop\/\",\"name\":\"Echtholzstuhl - Massivholzst\u00fchle von Klaus Bartels Schreinerei Thurnau\",\"description\":\"Klaus Bartels - Echtholzdesign - Schreinerei | Thurnau\",\"publisher\":{\"@id\":\"https:\/\/www.klaus-bartels.de\/shop\/#organization\"},\"potentialAction\":[{\"@type\":\"SearchAction\",\"target\":{\"@type\":\"EntryPoint\",\"urlTemplate\":\"https:\/\/www.klaus-bartels.de\/shop\/?s={search_term_string}\"},\"query-input\":\"required name=search_term_string\"}],\"inLanguage\":\"de\"},{\"@type\":\"Organization\",\"@id\":\"https:\/\/www.klaus-bartels.de\/shop\/#organization\",\"name\":\"Echtholzstuhl \u2013 Klaus Bartels \u2013 Schreinerei\",\"url\":\"https:\/\/www.klaus-bartels.de\/shop\/\",\"logo\":{\"@type\":\"ImageObject\",\"inLanguage\":\"de\",\"@id\":\"https:\/\/www.klaus-bartels.de\/shop\/#\/schema\/logo\/image\/\",\"url\":\"https:\/\/www.klaus-bartels.de\/shop\/wp-content\/uploads\/2019\/01\/logo_footer_echtholzstuhl_thurnau.png\",\"contentUrl\":\"https:\/\/www.klaus-bartels.de\/shop\/wp-content\/uploads\/2019\/01\/logo_footer_echtholzstuhl_thurnau.png\",\"width\":435,\"height\":92,\"caption\":\"Echtholzstuhl \u2013 Klaus Bartels \u2013 Schreinerei\"},\"image\":{\"@id\":\"https:\/\/www.klaus-bartels.de\/shop\/#\/schema\/logo\/image\/\"}}]}<\/script>\n<!-- \/ Yoast SEO plugin. -->","yoast_head_json":{"title":"Caresse der R\u00fcckenschmeichler &#8211; Echtholzstuhl","description":"Caresse - Echtholzstuhl - Massivholz Stuhl aus der Manufaktur Schreinerei Klaus Bartels Echtolzdesign Thurnau, seit 1975.","robots":{"index":"index","follow":"follow","max-snippet":"max-snippet:-1","max-image-preview":"max-image-preview:large","max-video-preview":"max-video-preview:-1"},"canonical":"https:\/\/www.klaus-bartels.de\/shop\/produktuebersicht\/stuhl-caresse-der-rueckenschmeichler\/","og_locale":"de_DE","og_type":"article","og_title":"Caresse der R\u00fcckenschmeichler &#8211; Echtholzstuhl","og_description":"Caresse - Echtholzstuhl - Massivholz Stuhl aus der Manufaktur Schreinerei Klaus Bartels Echtolzdesign Thurnau, seit 1975.","og_url":"https:\/\/www.klaus-bartels.de\/shop\/produktuebersicht\/stuhl-caresse-der-rueckenschmeichler\/","og_site_name":"Echtholzstuhl","article_modified_time":"2020-09-07T12:43:45+00:00","twitter_card":"summary_large_image","twitter_misc":{"Gesch\u00e4tzte Lesezeit":"7\u00a0Minuten"},"schema":{"@context":"https:\/\/schema.org","@graph":[{"@type":"WebPage","@id":"https:\/\/www.klaus-bartels.de\/shop\/produktuebersicht\/stuhl-caresse-der-rueckenschmeichler\/","url":"https:\/\/www.klaus-bartels.de\/shop\/produktuebersicht\/stuhl-caresse-der-rueckenschmeichler\/","name":"Caresse der R\u00fcckenschmeichler &#8211; Echtholzstuhl","isPartOf":{"@id":"https:\/\/www.klaus-bartels.de\/shop\/#website"},"datePublished":"2019-01-07T11:36:56+00:00","dateModified":"2020-09-07T12:43:45+00:00","description":"Caresse - Echtholzstuhl - Massivholz Stuhl aus der Manufaktur Schreinerei Klaus Bartels Echtolzdesign Thurnau, seit 1975.","breadcrumb":{"@id":"https:\/\/www.klaus-bartels.de\/shop\/produktuebersicht\/stuhl-caresse-der-rueckenschmeichler\/#breadcrumb"},"inLanguage":"de","potentialAction":[{"@type":"ReadAction","target":["https:\/\/www.klaus-bartels.de\/shop\/produktuebersicht\/stuhl-caresse-der-rueckenschmeichler\/"]}]},{"@type":"BreadcrumbList","@id":"https:\/\/www.klaus-bartels.de\/shop\/produktuebersicht\/stuhl-caresse-der-rueckenschmeichler\/#breadcrumb","itemListElement":[{"@type":"ListItem","position":1,"name":"Startseite","item":"https:\/\/www.klaus-bartels.de\/shop\/"},{"@type":"ListItem","position":2,"name":"Produkt\u00fcbersicht","item":"https:\/\/www.klaus-bartels.de\/shop\/produktuebersicht\/"},{"@type":"ListItem","position":3,"name":"Caresse der R\u00fcckenschmeichler"}]},{"@type":"WebSite","@id":"https:\/\/www.klaus-bartels.de\/shop\/#website","url":"https:\/\/www.klaus-bartels.de\/shop\/","name":"Echtholzstuhl - Massivholzst\u00fchle von Klaus Bartels Schreinerei Thurnau","description":"Klaus Bartels - Echtholzdesign - Schreinerei | Thurnau","publisher":{"@id":"https:\/\/www.klaus-bartels.de\/shop\/#organization"},"potentialAction":[{"@type":"SearchAction","target":{"@type":"EntryPoint","urlTemplate":"https:\/\/www.klaus-bartels.de\/shop\/?s={search_term_string}"},"query-input":"required name=search_term_string"}],"inLanguage":"de"},{"@type":"Organization","@id":"https:\/\/www.klaus-bartels.de\/shop\/#organization","name":"Echtholzstuhl \u2013 Klaus Bartels \u2013 Schreinerei","url":"https:\/\/www.klaus-bartels.de\/shop\/","logo":{"@type":"ImageObject","inLanguage":"de","@id":"https:\/\/www.klaus-bartels.de\/shop\/#\/schema\/logo\/image\/","url":"https:\/\/www.klaus-bartels.de\/shop\/wp-content\/uploads\/2019\/01\/logo_footer_echtholzstuhl_thurnau.png","contentUrl":"https:\/\/www.klaus-bartels.de\/shop\/wp-content\/uploads\/2019\/01\/logo_footer_echtholzstuhl_thurnau.png","width":435,"height":92,"caption":"Echtholzstuhl \u2013 Klaus Bartels \u2013 Schreinerei"},"image":{"@id":"https:\/\/www.klaus-bartels.de\/shop\/#\/schema\/logo\/image\/"}}]}},"_links":{"self":[{"href":"https:\/\/www.klaus-bartels.de\/shop\/wp-json\/wp\/v2\/pages\/4368"}],"collection":[{"href":"https:\/\/www.klaus-bartels.de\/shop\/wp-json\/wp\/v2\/pages"}],"about":[{"href":"https:\/\/www.klaus-bartels.de\/shop\/wp-json\/wp\/v2\/types\/page"}],"author":[{"embeddable":true,"href":"https:\/\/www.klaus-bartels.de\/shop\/wp-json\/wp\/v2\/users\/1"}],"replies":[{"embeddable":true,"href":"https:\/\/www.klaus-bartels.de\/shop\/wp-json\/wp\/v2\/comments?post=4368"}],"version-history":[{"count":23,"href":"https:\/\/www.klaus-bartels.de\/shop\/wp-json\/wp\/v2\/pages\/4368\/revisions"}],"predecessor-version":[{"id":4791,"href":"https:\/\/www.klaus-bartels.de\/shop\/wp-json\/wp\/v2\/pages\/4368\/revisions\/4791"}],"up":[{"embeddable":true,"href":"https:\/\/www.klaus-bartels.de\/shop\/wp-json\/wp\/v2\/pages\/4914"}],"wp:attachment":[{"href":"https:\/\/www.klaus-bartels.de\/shop\/wp-json\/wp\/v2\/media?parent=4368"}],"curies":[{"name":"wp","href":"https:\/\/api.w.org\/{rel}","templated":true}]}}