{"id":4162,"date":"2019-01-01T17:00:46","date_gmt":"2019-01-01T16:00:46","guid":{"rendered":"https:\/\/www.klaus-bartels.de\/shop\/?page_id=4162"},"modified":"2020-09-07T14:41:18","modified_gmt":"2020-09-07T12:41:18","slug":"allgemeine-geschaeftsbedingungen","status":"publish","type":"page","link":"https:\/\/www.klaus-bartels.de\/shop\/informationen\/allgemeine-geschaeftsbedingungen\/","title":{"rendered":"Allgemeine Gesch\u00e4ftsbedingungen"},"content":{"rendered":"<p>[vc_row full_width=&#8221;stretch_row&#8221; parallax=&#8221;content-moving-image&#8221; parallax_image=&#8221;4704&#8243; css=&#8221;.vc_custom_1547915507615{margin-top: -85px !important;}&#8221;][vc_column][vc_empty_space height=&#8221;200px&#8221; el_class=&#8221;hidden-xs hidden-sm&#8221;][vc_custom_heading text=&#8221;Allgemeine Gesch\u00e4ftsbedingungen&#8221; font_container=&#8221;tag:h3|font_size:60px|text_align:center|color:%23ffffff|line_height:60px&#8221; use_theme_fonts=&#8221;yes&#8221; el_class=&#8221;text-header&#8221;][vc_empty_space height=&#8221;200px&#8221; el_class=&#8221;hidden-xs hidden-sm&#8221;][\/vc_column][\/vc_row][vc_row css=&#8221;.vc_custom_1546359975253{margin-top: 30px !important;}&#8221;][vc_column][vc_empty_space height=&#8221;50px&#8221; el_class=&#8221;hidden-xs&#8221;][vc_custom_heading text=&#8221;Allgemeine Gesch\u00e4ftsbedingungen (Stand Januar 2019)&#8221; font_container=&#8221;tag:h4|text_align:left|color:%23232323&#8243; use_theme_fonts=&#8221;yes&#8221; css=&#8221;.vc_custom_1547372297571{margin-bottom: 30px !important;}&#8221; el_class=&#8221;headline_h4_text&#8221;][vc_column_text css=&#8221;.vc_custom_1547372352806{margin-top: 30px !important;}&#8221;]<strong>1. Allgemeines<\/strong><\/p>\n<p>1.1 Mit Auftragserteilung erkennt der Auftraggeber die nachfolgenden Gesch\u00e4ftsbedingungen uneingeschr\u00e4nkt an. Vereinbarungen, die im Widerspruch zu diesen stehen, bed\u00fcrfen zu ihrer Rechtsverbindlichkeit unserer schriftlichen Best\u00e4tigung.<\/p>\n<p>1.2 Unsere Angebote sind freibleibend. Ein Vertrag kommt erst zustande, wenn der Auftrag des Kunden von uns best\u00e4tigt wurde.<\/p>\n<p>1.3 Mit der Auftragserteilung ist der Auftraggeber an seinen Auftrag gebunden.<\/p>\n<p><strong>2. Preise, Lieferung und Lieferzeit<\/strong><\/p>\n<p>2.1 Die Preise f\u00fcr die St\u00fchle entnehmen Sie dem Webshop. Gr\u00f6\u00dfere St\u00fcckzahlen f\u00fcr Gewerbe, Gastronomie, \u00f6ffentliche Hand (ab 20 St\u00fcck), bitte anfragen.<\/p>\n<p>2.2 Bis zu 4 St\u00fchle versenden wir einzeln in Kartons verpackt per Paketdienst an die von Ihnen angegebene Adresse. Sobald das Paket\/ die Pakete an den Lieferanten \u00fcbergeben werden, erhalten Sie eine Versandbest\u00e4tigung.<\/p>\n<p>2.3 Bei Bestellung von mehr als 4 St\u00fchlen verringern sich die Lieferkosten. Sie erhalten bei Bestellung eine separate Lieferkosten-Best\u00e4tigung, die sich nach Entfernung und Anzahl der St\u00fchle\/M\u00f6bel richtet.<\/p>\n<p>2.4 Wir stellen alle M\u00f6bel nur auf Bestellung her, daher liegen unsere Fertigungs- und Lieferungszeiten bei etwa 8 \u2013 10 Wochen. Bei mehreren Feiertagen in dieser Frist kann es sich nochmal verz\u00f6gern. Die angegebenen Zeiten sind nicht verbindlich, wir wollen sie aber gerne einhalten. Schnellere Lieferzeiten sind m\u00f6glich.<\/p>\n<p><strong>3. Zahlung<\/strong><\/p>\n<p>3.1 Die vom System bei Ihrer Bestellung ausgefertigte Rechnung steht zur Zahlung an. Wir liefern erst nach Zahlungseingang, Zahlungen sind ohne Abzug zu leisten, es sei denn, es wurde ausdr\u00fccklich etwas anderes vereinbart. Sie gelten erst dann als erfolgt, wenn sie bei uns eingegangen sind.<\/p>\n<p><strong>4. Gew\u00e4hrleistung<\/strong><\/p>\n<p>4.1 Der Auftraggeber hat die ihm gelieferten Waren unverz\u00fcglich nach Anlieferung zu pr\u00fcfen und uns unverz\u00fcglich, jedoch sp\u00e4testens innerhalb einer Woche, schriftlich das Vorliegen offensichtlicher M\u00e4ngel anzuzeigen. Diese R\u00fcgefrist gilt auch dann, wenn dem Auftraggeber offensichtlich andere als die von ihm bestellten Waren geliefert wurden. Andernfalls gelten die gelieferten Waren als genehmigt.<\/p>\n<p>4.2 F\u00fcr M\u00e4ngel, die auf eine unsachgem\u00e4\u00dfe Behandlung und \/ oder Bedienung der gelieferten Waren zur\u00fcckzuf\u00fchren sind, haben wir nicht einzustehen.<\/p>\n<p>4.3 Bei berechtigter und form- und fristgerechter R\u00fcge sind wir zur Nachbesserung bzw. Ersatzlieferung nach in unser Ermessen gestellter Wahl berechtigt. Zur Vornahme der Nachbesserung bzw. Ersatzlieferung ist uns mindestens eine Frist von 8 Wochen einzur\u00e4umen.<\/p>\n<p>4.4 Schl\u00e4gt die Nachbesserung fehl oder ist die Ersatzlieferung erneut mangelhaft, ist uns auf unser Verlangen nochmals die M\u00f6glichkeit zur Nachbesserung bzw. Ersatzteillieferung binnen einer weiteren Frist von mindestens acht Wochen einzur\u00e4umen.<\/p>\n<p>4.5 Erst bei nicht fristgerechter oder fehlgeschlagener Ersatzlieferung gem\u00e4\u00df vor stehenden Bestimmungen zu 4.3 und 44 ist der Auftraggeber berechtigt, weitere Gew\u00e4hrleistungsanspr\u00fcche gegen uns geltend zu machen, es sei denn, dass wir jegliche Nachbesserung oder Ersatzlieferung dem Auftraggeber gegen\u00fcber bereits vorher verweigert haben.<\/p>\n<p>4.6 Holz ist ein Naturprodukt. Das gilt auch f\u00fcr farblich lasierte St\u00fchle. Farbabweichungen m\u00fcssen ausdr\u00fccklich vorbehalten werden. Es wird von uns ausdr\u00fccklich jede Gew\u00e4hrleistung in Hinblick auf eine gleiche Farbgebung sowohl bei zusammengeh\u00f6rigen Lieferungen wie auch besonders bei nachbestellten Lieferungen zur\u00fcckgewiesen. Deshalb m\u00fcssen wir eine Gew\u00e4hrleistung zu folgenden Punkten ablehnen: Ma\u00dfhaltigkeit des Materials, Geradlinigkeit des, Farbabweichungen durch verschiedene Holzstrukturen.<\/p>\n<p><strong>5. Gerichtsstand<\/strong><\/p>\n<p>5.1 Wir wollen uns nicht streiten und bem\u00fchen uns, Ihren Auftrag wunsch- und fristgerecht auszuf\u00fchren. Sollte es trotz allem zu Streitigkeiten kommen, die nicht alleine durch Vereinbarungen behoben werden k\u00f6nnen, ist der Gerichtsstand Kulmbach<\/p>\n<p>5.2 F\u00fcr Streitigkeiten \u00fcber die G\u00fcltigkeit dieses Vertrages und aus diesem Vertrag gilt das Recht der Bundesrepublik Deutschland.<\/p>\n<p><strong>6. Schlussbestimmung<\/strong><\/p>\n<p>6.1 Soweit die vorstehenden Gesch\u00e4ftsbedingungen den g\u00fcltigen Bestimmungen abweichen, gelten diese Abweichungen nur, wenn die Voraussetzungen des 24 AGBG vorliegen.<\/p>\n<p>6.2 Der geschlossene Vertrag und die vorstehenden Lieferbedingungen bleiben auch bei Unwirksamkeit einzelner Punkte im \u00dcbrigen verbindlich. Die Vertragsparteien verpflichten sich, ung\u00fcltige Klauseln durch eine Regelung zu ersetzen, mit der der beabsichtigte Zweck weitestgehend erreicht werden kann. Dies gilt auch f\u00fcr L\u00fccken oder Widerspr\u00fcchlichkeit.[\/vc_column_text][\/vc_column][\/vc_row]<\/p>\n","protected":false},"excerpt":{"rendered":"<p>[vc_row full_width=&#8221;stretch_row&#8221; parallax=&#8221;content-moving-image&#8221; parallax_image=&#8221;4704&#8243; css=&#8221;.vc_custom_1547915507615{margin-top: -85px !important;}&#8221;][vc_column][vc_empty_space height=&#8221;200px&#8221; el_class=&#8221;hidden-xs hidden-sm&#8221;][vc_custom_heading text=&#8221;Allgemeine Gesch\u00e4ftsbedingungen&#8221; font_container=&#8221;tag:h3|font_size:60px|text_align:center|color:%23ffffff|line_height:60px&#8221; use_theme_fonts=&#8221;yes&#8221; el_class=&#8221;text-header&#8221;][vc_empty_space height=&#8221;200px&#8221; el_class=&#8221;hidden-xs hidden-sm&#8221;][\/vc_column][\/vc_row][vc_row css=&#8221;.vc_custom_1546359975253{margin-top: 30px !important;}&#8221;][vc_column][vc_empty_space height=&#8221;50px&#8221; el_class=&#8221;hidden-xs&#8221;][vc_custom_heading text=&#8221;Allgemeine Gesch\u00e4ftsbedingungen (Stand Januar 2019)&#8221; font_container=&#8221;tag:h4|text_align:left|color:%23232323&#8243; use_theme_fonts=&#8221;yes&#8221; css=&#8221;.vc_custom_1547372297571{margin-bottom: 30px !important;}&#8221; el_class=&#8221;headline_h4_text&#8221;][vc_column_text css=&#8221;.vc_custom_1547372352806{margin-top: 30px !important;}&#8221;]1. Allgemeines 1.1 Mit Auftragserteilung erkennt der Auftraggeber die nachfolgenden Gesch\u00e4ftsbedingungen uneingeschr\u00e4nkt an. Vereinbarungen, die im Widerspruch zu diesen &hellip; <a href=\"https:\/\/www.klaus-bartels.de\/shop\/informationen\/allgemeine-geschaeftsbedingungen\/\" class=\"more-link\">Continue reading <span class=\"screen-reader-text\">Allgemeine Gesch\u00e4ftsbedingungen<\/span><\/a><\/p>\n","protected":false},"author":1,"featured_media":0,"parent":4907,"menu_order":0,"comment_status":"closed","ping_status":"closed","template":"","meta":{"footnotes":""},"yoast_head":"<!-- This site is optimized with the Yoast SEO plugin v22.1 - https:\/\/yoast.com\/wordpress\/plugins\/seo\/ -->\n<title>Allgemeine Gesch\u00e4ftsbedingungen &#8211; Echtholzstuhl<\/title>\n<meta name=\"description\" content=\"\ufeff\ufeffAllgemeine Gesch\u00e4ftsbedingungen - Echtholzstuhl - Massivholz Stuhl aus der Manufaktur Schreinerei Klaus Bartels Echtolzdesign Thurnau, seit 1975.\" \/>\n<meta name=\"robots\" content=\"index, follow, max-snippet:-1, max-image-preview:large, max-video-preview:-1\" \/>\n<link rel=\"canonical\" href=\"https:\/\/www.klaus-bartels.de\/shop\/informationen\/allgemeine-geschaeftsbedingungen\/\" \/>\n<meta property=\"og:locale\" content=\"de_DE\" \/>\n<meta property=\"og:type\" content=\"article\" \/>\n<meta property=\"og:title\" content=\"Allgemeine Gesch\u00e4ftsbedingungen &#8211; Echtholzstuhl\" \/>\n<meta property=\"og:description\" content=\"\ufeff\ufeffAllgemeine Gesch\u00e4ftsbedingungen - Echtholzstuhl - Massivholz Stuhl aus der Manufaktur Schreinerei Klaus Bartels Echtolzdesign Thurnau, seit 1975.\" \/>\n<meta property=\"og:url\" content=\"https:\/\/www.klaus-bartels.de\/shop\/informationen\/allgemeine-geschaeftsbedingungen\/\" \/>\n<meta property=\"og:site_name\" content=\"Echtholzstuhl\" \/>\n<meta property=\"article:modified_time\" content=\"2020-09-07T12:41:18+00:00\" \/>\n<meta name=\"twitter:card\" content=\"summary_large_image\" \/>\n<meta name=\"twitter:label1\" content=\"Gesch\u00e4tzte Lesezeit\" \/>\n\t<meta name=\"twitter:data1\" content=\"4\u00a0Minuten\" \/>\n<script type=\"application\/ld+json\" class=\"yoast-schema-graph\">{\"@context\":\"https:\/\/schema.org\",\"@graph\":[{\"@type\":\"WebPage\",\"@id\":\"https:\/\/www.klaus-bartels.de\/shop\/informationen\/allgemeine-geschaeftsbedingungen\/\",\"url\":\"https:\/\/www.klaus-bartels.de\/shop\/informationen\/allgemeine-geschaeftsbedingungen\/\",\"name\":\"Allgemeine Gesch\u00e4ftsbedingungen &#8211; Echtholzstuhl\",\"isPartOf\":{\"@id\":\"https:\/\/www.klaus-bartels.de\/shop\/#website\"},\"datePublished\":\"2019-01-01T16:00:46+00:00\",\"dateModified\":\"2020-09-07T12:41:18+00:00\",\"description\":\"\ufeff\ufeffAllgemeine Gesch\u00e4ftsbedingungen - Echtholzstuhl - Massivholz Stuhl aus der Manufaktur Schreinerei Klaus Bartels Echtolzdesign Thurnau, seit 1975.\",\"breadcrumb\":{\"@id\":\"https:\/\/www.klaus-bartels.de\/shop\/informationen\/allgemeine-geschaeftsbedingungen\/#breadcrumb\"},\"inLanguage\":\"de\",\"potentialAction\":[{\"@type\":\"ReadAction\",\"target\":[\"https:\/\/www.klaus-bartels.de\/shop\/informationen\/allgemeine-geschaeftsbedingungen\/\"]}]},{\"@type\":\"BreadcrumbList\",\"@id\":\"https:\/\/www.klaus-bartels.de\/shop\/informationen\/allgemeine-geschaeftsbedingungen\/#breadcrumb\",\"itemListElement\":[{\"@type\":\"ListItem\",\"position\":1,\"name\":\"Startseite\",\"item\":\"https:\/\/www.klaus-bartels.de\/shop\/\"},{\"@type\":\"ListItem\",\"position\":2,\"name\":\"Informationen\",\"item\":\"https:\/\/www.klaus-bartels.de\/shop\/informationen\/\"},{\"@type\":\"ListItem\",\"position\":3,\"name\":\"Allgemeine Gesch\u00e4ftsbedingungen\"}]},{\"@type\":\"WebSite\",\"@id\":\"https:\/\/www.klaus-bartels.de\/shop\/#website\",\"url\":\"https:\/\/www.klaus-bartels.de\/shop\/\",\"name\":\"Echtholzstuhl - Massivholzst\u00fchle von Klaus Bartels Schreinerei Thurnau\",\"description\":\"Klaus Bartels - Echtholzdesign - Schreinerei | Thurnau\",\"publisher\":{\"@id\":\"https:\/\/www.klaus-bartels.de\/shop\/#organization\"},\"potentialAction\":[{\"@type\":\"SearchAction\",\"target\":{\"@type\":\"EntryPoint\",\"urlTemplate\":\"https:\/\/www.klaus-bartels.de\/shop\/?s={search_term_string}\"},\"query-input\":\"required name=search_term_string\"}],\"inLanguage\":\"de\"},{\"@type\":\"Organization\",\"@id\":\"https:\/\/www.klaus-bartels.de\/shop\/#organization\",\"name\":\"Echtholzstuhl \u2013 Klaus Bartels \u2013 Schreinerei\",\"url\":\"https:\/\/www.klaus-bartels.de\/shop\/\",\"logo\":{\"@type\":\"ImageObject\",\"inLanguage\":\"de\",\"@id\":\"https:\/\/www.klaus-bartels.de\/shop\/#\/schema\/logo\/image\/\",\"url\":\"https:\/\/www.klaus-bartels.de\/shop\/wp-content\/uploads\/2019\/01\/logo_footer_echtholzstuhl_thurnau.png\",\"contentUrl\":\"https:\/\/www.klaus-bartels.de\/shop\/wp-content\/uploads\/2019\/01\/logo_footer_echtholzstuhl_thurnau.png\",\"width\":435,\"height\":92,\"caption\":\"Echtholzstuhl \u2013 Klaus Bartels \u2013 Schreinerei\"},\"image\":{\"@id\":\"https:\/\/www.klaus-bartels.de\/shop\/#\/schema\/logo\/image\/\"}}]}<\/script>\n<!-- \/ Yoast SEO plugin. -->","yoast_head_json":{"title":"Allgemeine Gesch\u00e4ftsbedingungen &#8211; Echtholzstuhl","description":"\ufeff\ufeffAllgemeine Gesch\u00e4ftsbedingungen - Echtholzstuhl - Massivholz Stuhl aus der Manufaktur Schreinerei Klaus Bartels Echtolzdesign Thurnau, seit 1975.","robots":{"index":"index","follow":"follow","max-snippet":"max-snippet:-1","max-image-preview":"max-image-preview:large","max-video-preview":"max-video-preview:-1"},"canonical":"https:\/\/www.klaus-bartels.de\/shop\/informationen\/allgemeine-geschaeftsbedingungen\/","og_locale":"de_DE","og_type":"article","og_title":"Allgemeine Gesch\u00e4ftsbedingungen &#8211; Echtholzstuhl","og_description":"\ufeff\ufeffAllgemeine Gesch\u00e4ftsbedingungen - Echtholzstuhl - Massivholz Stuhl aus der Manufaktur Schreinerei Klaus Bartels Echtolzdesign Thurnau, seit 1975.","og_url":"https:\/\/www.klaus-bartels.de\/shop\/informationen\/allgemeine-geschaeftsbedingungen\/","og_site_name":"Echtholzstuhl","article_modified_time":"2020-09-07T12:41:18+00:00","twitter_card":"summary_large_image","twitter_misc":{"Gesch\u00e4tzte Lesezeit":"4\u00a0Minuten"},"schema":{"@context":"https:\/\/schema.org","@graph":[{"@type":"WebPage","@id":"https:\/\/www.klaus-bartels.de\/shop\/informationen\/allgemeine-geschaeftsbedingungen\/","url":"https:\/\/www.klaus-bartels.de\/shop\/informationen\/allgemeine-geschaeftsbedingungen\/","name":"Allgemeine Gesch\u00e4ftsbedingungen &#8211; Echtholzstuhl","isPartOf":{"@id":"https:\/\/www.klaus-bartels.de\/shop\/#website"},"datePublished":"2019-01-01T16:00:46+00:00","dateModified":"2020-09-07T12:41:18+00:00","description":"\ufeff\ufeffAllgemeine Gesch\u00e4ftsbedingungen - Echtholzstuhl - Massivholz Stuhl aus der Manufaktur Schreinerei Klaus Bartels Echtolzdesign Thurnau, seit 1975.","breadcrumb":{"@id":"https:\/\/www.klaus-bartels.de\/shop\/informationen\/allgemeine-geschaeftsbedingungen\/#breadcrumb"},"inLanguage":"de","potentialAction":[{"@type":"ReadAction","target":["https:\/\/www.klaus-bartels.de\/shop\/informationen\/allgemeine-geschaeftsbedingungen\/"]}]},{"@type":"BreadcrumbList","@id":"https:\/\/www.klaus-bartels.de\/shop\/informationen\/allgemeine-geschaeftsbedingungen\/#breadcrumb","itemListElement":[{"@type":"ListItem","position":1,"name":"Startseite","item":"https:\/\/www.klaus-bartels.de\/shop\/"},{"@type":"ListItem","position":2,"name":"Informationen","item":"https:\/\/www.klaus-bartels.de\/shop\/informationen\/"},{"@type":"ListItem","position":3,"name":"Allgemeine Gesch\u00e4ftsbedingungen"}]},{"@type":"WebSite","@id":"https:\/\/www.klaus-bartels.de\/shop\/#website","url":"https:\/\/www.klaus-bartels.de\/shop\/","name":"Echtholzstuhl - Massivholzst\u00fchle von Klaus Bartels Schreinerei Thurnau","description":"Klaus Bartels - Echtholzdesign - Schreinerei | Thurnau","publisher":{"@id":"https:\/\/www.klaus-bartels.de\/shop\/#organization"},"potentialAction":[{"@type":"SearchAction","target":{"@type":"EntryPoint","urlTemplate":"https:\/\/www.klaus-bartels.de\/shop\/?s={search_term_string}"},"query-input":"required name=search_term_string"}],"inLanguage":"de"},{"@type":"Organization","@id":"https:\/\/www.klaus-bartels.de\/shop\/#organization","name":"Echtholzstuhl \u2013 Klaus Bartels \u2013 Schreinerei","url":"https:\/\/www.klaus-bartels.de\/shop\/","logo":{"@type":"ImageObject","inLanguage":"de","@id":"https:\/\/www.klaus-bartels.de\/shop\/#\/schema\/logo\/image\/","url":"https:\/\/www.klaus-bartels.de\/shop\/wp-content\/uploads\/2019\/01\/logo_footer_echtholzstuhl_thurnau.png","contentUrl":"https:\/\/www.klaus-bartels.de\/shop\/wp-content\/uploads\/2019\/01\/logo_footer_echtholzstuhl_thurnau.png","width":435,"height":92,"caption":"Echtholzstuhl \u2013 Klaus Bartels \u2013 Schreinerei"},"image":{"@id":"https:\/\/www.klaus-bartels.de\/shop\/#\/schema\/logo\/image\/"}}]}},"_links":{"self":[{"href":"https:\/\/www.klaus-bartels.de\/shop\/wp-json\/wp\/v2\/pages\/4162"}],"collection":[{"href":"https:\/\/www.klaus-bartels.de\/shop\/wp-json\/wp\/v2\/pages"}],"about":[{"href":"https:\/\/www.klaus-bartels.de\/shop\/wp-json\/wp\/v2\/types\/page"}],"author":[{"embeddable":true,"href":"https:\/\/www.klaus-bartels.de\/shop\/wp-json\/wp\/v2\/users\/1"}],"replies":[{"embeddable":true,"href":"https:\/\/www.klaus-bartels.de\/shop\/wp-json\/wp\/v2\/comments?post=4162"}],"version-history":[{"count":8,"href":"https:\/\/www.klaus-bartels.de\/shop\/wp-json\/wp\/v2\/pages\/4162\/revisions"}],"predecessor-version":[{"id":4712,"href":"https:\/\/www.klaus-bartels.de\/shop\/wp-json\/wp\/v2\/pages\/4162\/revisions\/4712"}],"up":[{"embeddable":true,"href":"https:\/\/www.klaus-bartels.de\/shop\/wp-json\/wp\/v2\/pages\/4907"}],"wp:attachment":[{"href":"https:\/\/www.klaus-bartels.de\/shop\/wp-json\/wp\/v2\/media?parent=4162"}],"curies":[{"name":"wp","href":"https:\/\/api.w.org\/{rel}","templated":true}]}}