{"id":4160,"date":"2019-01-01T16:59:29","date_gmt":"2019-01-01T15:59:29","guid":{"rendered":"https:\/\/www.klaus-bartels.de\/shop\/?page_id=4160"},"modified":"2020-09-07T14:40:54","modified_gmt":"2020-09-07T12:40:54","slug":"widerrufsbelehrung","status":"publish","type":"page","link":"https:\/\/www.klaus-bartels.de\/shop\/informationen\/widerrufsbelehrung\/","title":{"rendered":"Widerrufsbelehrung"},"content":{"rendered":"<p>[vc_row full_width=&#8221;stretch_row&#8221; parallax=&#8221;content-moving-image&#8221; parallax_image=&#8221;4703&#8243; css=&#8221;.vc_custom_1547915438424{margin-top: -85px !important;}&#8221;][vc_column][vc_empty_space height=&#8221;200px&#8221; el_class=&#8221;hidden-xs hidden-sm&#8221;][vc_custom_heading text=&#8221;Widerrufsbelehrung&#8221; font_container=&#8221;tag:h3|font_size:60px|text_align:center|color:%23151515|line_height:60px&#8221; use_theme_fonts=&#8221;yes&#8221; el_class=&#8221;text-header&#8221;][vc_empty_space height=&#8221;200px&#8221; el_class=&#8221;hidden-xs hidden-sm&#8221;][\/vc_column][\/vc_row][vc_row css=&#8221;.vc_custom_1546359774799{margin-top: 30px !important;}&#8221;][vc_column][vc_empty_space height=&#8221;50px&#8221; el_class=&#8221;hidden-xs&#8221;][vc_custom_heading text=&#8221;Widerrufsbelehrung&#8221; font_container=&#8221;tag:h4|text_align:left|color:%23232323&#8243; use_theme_fonts=&#8221;yes&#8221; css=&#8221;.vc_custom_1546359333162{margin-bottom: 30px !important;}&#8221; el_class=&#8221;headline_h4_text&#8221;][vc_column_text]Weil wir jeden Stuhl eigens f\u00fcr Sie mit viel Liebe fertigen, ist es uns nicht m\u00f6glich, die St\u00fchle lediglich zur Anschauung und Auswahl zu liefern. Sie haben das Recht, Ihre Bestellung binnen vierzehn Tagen ab Eingang der Bestellbest\u00e4tigung ohne Angabe von Gr\u00fcnden zu widerrufen. Um Ihr Widerrufsrecht der Bestellung auszu\u00fcben, m\u00fcssen Sie uns an diese Adresse<\/p>\n<p>Klaus Bartels \u2013 Echtholzdesign \u2013 Schreinerei | Thurnau<br \/>\nJ\u00e4gerstra\u00dfe 14, 95349 Thurnau<br \/>\nTel. 09228 5949 oder Fax 09228 312 oder info@klaus-bartels.de<\/p>\n<p>mittels einer eindeutigen Erkl\u00e4rung (z.B. ein mit der Post versandter Brief, Telefax oder E-Mail) \u00fcber Ihren Entschluss informieren. Sie k\u00f6nnen daf\u00fcr das beigef\u00fcgte Muster-Widerrufsformular verwenden, das jedoch nicht vorgeschrieben ist. Sie k\u00f6nnen das Muster-Widerrufsformular oder eine andere eindeutige Erkl\u00e4rung auch auf unserer Webseite www.echtholzstuhl.de elektronisch ausf\u00fcllen und \u00fcbermitteln.[\/vc_column_text][vc_empty_space height=&#8221;30px&#8221;][vc_btn title=&#8221;<b>Download Widerrufsformular<\/b>&#8221; link=&#8221;url:https%3A%2F%2Fwww.klaus-bartels.de\/shop%2Fwp-content%2Fuploads%2F2019%2F01%2Fechtsholzstuhl_widerruf_01_2019.pdf|title:Download%20Widerrufsformular|target:%20_blank|&#8221;][vc_empty_space height=&#8221;10px&#8221;][vc_column_text]Machen Sie von dieser M\u00f6glichkeit Gebrauch, so werden wir Ihnen unverz\u00fcglich (z.B. per Email) eine Best\u00e4tigung \u00fcber den Eingang eines solchen Widerrufs \u00fcbermitteln.<\/p>\n<p><strong>Folgen des Widerrufs<\/strong><\/p>\n<p>Wir stoppen sofort die Produktion und eventuell bereits eingegangene Bezahlungen werden wir Ihnen zu 100 % innerhalb von 14 Tagen zur\u00fcck \u00fcberweisen.<\/p>\n<p><strong>Ende der Widerrufsbelehrung<\/strong>[\/vc_column_text][\/vc_column][\/vc_row]<\/p>\n","protected":false},"excerpt":{"rendered":"<p>[vc_row full_width=&#8221;stretch_row&#8221; parallax=&#8221;content-moving-image&#8221; parallax_image=&#8221;4703&#8243; css=&#8221;.vc_custom_1547915438424{margin-top: -85px !important;}&#8221;][vc_column][vc_empty_space height=&#8221;200px&#8221; el_class=&#8221;hidden-xs hidden-sm&#8221;][vc_custom_heading text=&#8221;Widerrufsbelehrung&#8221; font_container=&#8221;tag:h3|font_size:60px|text_align:center|color:%23151515|line_height:60px&#8221; use_theme_fonts=&#8221;yes&#8221; el_class=&#8221;text-header&#8221;][vc_empty_space height=&#8221;200px&#8221; el_class=&#8221;hidden-xs hidden-sm&#8221;][\/vc_column][\/vc_row][vc_row css=&#8221;.vc_custom_1546359774799{margin-top: 30px !important;}&#8221;][vc_column][vc_empty_space height=&#8221;50px&#8221; el_class=&#8221;hidden-xs&#8221;][vc_custom_heading text=&#8221;Widerrufsbelehrung&#8221; font_container=&#8221;tag:h4|text_align:left|color:%23232323&#8243; use_theme_fonts=&#8221;yes&#8221; css=&#8221;.vc_custom_1546359333162{margin-bottom: 30px !important;}&#8221; el_class=&#8221;headline_h4_text&#8221;][vc_column_text]Weil wir jeden Stuhl eigens f\u00fcr Sie mit viel Liebe fertigen, ist es uns nicht m\u00f6glich, die St\u00fchle lediglich zur Anschauung und Auswahl zu liefern. Sie haben &hellip; <a href=\"https:\/\/www.klaus-bartels.de\/shop\/informationen\/widerrufsbelehrung\/\" class=\"more-link\">Continue reading <span class=\"screen-reader-text\">Widerrufsbelehrung<\/span><\/a><\/p>\n","protected":false},"author":1,"featured_media":0,"parent":4907,"menu_order":0,"comment_status":"closed","ping_status":"closed","template":"","meta":{"footnotes":""},"yoast_head":"<!-- This site is optimized with the Yoast SEO plugin v22.1 - https:\/\/yoast.com\/wordpress\/plugins\/seo\/ -->\n<title>Widerrufsbelehrung &#8211; Echtholzstuhl<\/title>\n<meta name=\"description\" content=\"Widerrufsbelehrung - Echtholzstuhl - Massivholz Stuhl aus der Manufaktur Schreinerei Klaus Bartels Echtolzdesign Thurnau, seit 1975.\" \/>\n<meta name=\"robots\" content=\"index, follow, max-snippet:-1, max-image-preview:large, max-video-preview:-1\" \/>\n<link rel=\"canonical\" href=\"https:\/\/www.klaus-bartels.de\/shop\/informationen\/widerrufsbelehrung\/\" \/>\n<meta property=\"og:locale\" content=\"de_DE\" \/>\n<meta property=\"og:type\" content=\"article\" \/>\n<meta property=\"og:title\" content=\"Widerrufsbelehrung &#8211; Echtholzstuhl\" \/>\n<meta property=\"og:description\" content=\"Widerrufsbelehrung - Echtholzstuhl - Massivholz Stuhl aus der Manufaktur Schreinerei Klaus Bartels Echtolzdesign Thurnau, seit 1975.\" \/>\n<meta property=\"og:url\" content=\"https:\/\/www.klaus-bartels.de\/shop\/informationen\/widerrufsbelehrung\/\" \/>\n<meta property=\"og:site_name\" content=\"Echtholzstuhl\" \/>\n<meta property=\"article:modified_time\" content=\"2020-09-07T12:40:54+00:00\" \/>\n<meta name=\"twitter:card\" content=\"summary_large_image\" \/>\n<meta name=\"twitter:label1\" content=\"Gesch\u00e4tzte Lesezeit\" \/>\n\t<meta name=\"twitter:data1\" content=\"2\u00a0Minuten\" \/>\n<script type=\"application\/ld+json\" class=\"yoast-schema-graph\">{\"@context\":\"https:\/\/schema.org\",\"@graph\":[{\"@type\":\"WebPage\",\"@id\":\"https:\/\/www.klaus-bartels.de\/shop\/informationen\/widerrufsbelehrung\/\",\"url\":\"https:\/\/www.klaus-bartels.de\/shop\/informationen\/widerrufsbelehrung\/\",\"name\":\"Widerrufsbelehrung &#8211; Echtholzstuhl\",\"isPartOf\":{\"@id\":\"https:\/\/www.klaus-bartels.de\/shop\/#website\"},\"datePublished\":\"2019-01-01T15:59:29+00:00\",\"dateModified\":\"2020-09-07T12:40:54+00:00\",\"description\":\"Widerrufsbelehrung - Echtholzstuhl - Massivholz Stuhl aus der Manufaktur Schreinerei Klaus Bartels Echtolzdesign Thurnau, seit 1975.\",\"breadcrumb\":{\"@id\":\"https:\/\/www.klaus-bartels.de\/shop\/informationen\/widerrufsbelehrung\/#breadcrumb\"},\"inLanguage\":\"de\",\"potentialAction\":[{\"@type\":\"ReadAction\",\"target\":[\"https:\/\/www.klaus-bartels.de\/shop\/informationen\/widerrufsbelehrung\/\"]}]},{\"@type\":\"BreadcrumbList\",\"@id\":\"https:\/\/www.klaus-bartels.de\/shop\/informationen\/widerrufsbelehrung\/#breadcrumb\",\"itemListElement\":[{\"@type\":\"ListItem\",\"position\":1,\"name\":\"Startseite\",\"item\":\"https:\/\/www.klaus-bartels.de\/shop\/\"},{\"@type\":\"ListItem\",\"position\":2,\"name\":\"Informationen\",\"item\":\"https:\/\/www.klaus-bartels.de\/shop\/informationen\/\"},{\"@type\":\"ListItem\",\"position\":3,\"name\":\"Widerrufsbelehrung\"}]},{\"@type\":\"WebSite\",\"@id\":\"https:\/\/www.klaus-bartels.de\/shop\/#website\",\"url\":\"https:\/\/www.klaus-bartels.de\/shop\/\",\"name\":\"Echtholzstuhl - Massivholzst\u00fchle von Klaus Bartels Schreinerei Thurnau\",\"description\":\"Klaus Bartels - Echtholzdesign - Schreinerei | Thurnau\",\"publisher\":{\"@id\":\"https:\/\/www.klaus-bartels.de\/shop\/#organization\"},\"potentialAction\":[{\"@type\":\"SearchAction\",\"target\":{\"@type\":\"EntryPoint\",\"urlTemplate\":\"https:\/\/www.klaus-bartels.de\/shop\/?s={search_term_string}\"},\"query-input\":\"required name=search_term_string\"}],\"inLanguage\":\"de\"},{\"@type\":\"Organization\",\"@id\":\"https:\/\/www.klaus-bartels.de\/shop\/#organization\",\"name\":\"Echtholzstuhl \u2013 Klaus Bartels \u2013 Schreinerei\",\"url\":\"https:\/\/www.klaus-bartels.de\/shop\/\",\"logo\":{\"@type\":\"ImageObject\",\"inLanguage\":\"de\",\"@id\":\"https:\/\/www.klaus-bartels.de\/shop\/#\/schema\/logo\/image\/\",\"url\":\"https:\/\/www.klaus-bartels.de\/shop\/wp-content\/uploads\/2019\/01\/logo_footer_echtholzstuhl_thurnau.png\",\"contentUrl\":\"https:\/\/www.klaus-bartels.de\/shop\/wp-content\/uploads\/2019\/01\/logo_footer_echtholzstuhl_thurnau.png\",\"width\":435,\"height\":92,\"caption\":\"Echtholzstuhl \u2013 Klaus Bartels \u2013 Schreinerei\"},\"image\":{\"@id\":\"https:\/\/www.klaus-bartels.de\/shop\/#\/schema\/logo\/image\/\"}}]}<\/script>\n<!-- \/ Yoast SEO plugin. -->","yoast_head_json":{"title":"Widerrufsbelehrung &#8211; Echtholzstuhl","description":"Widerrufsbelehrung - Echtholzstuhl - Massivholz Stuhl aus der Manufaktur Schreinerei Klaus Bartels Echtolzdesign Thurnau, seit 1975.","robots":{"index":"index","follow":"follow","max-snippet":"max-snippet:-1","max-image-preview":"max-image-preview:large","max-video-preview":"max-video-preview:-1"},"canonical":"https:\/\/www.klaus-bartels.de\/shop\/informationen\/widerrufsbelehrung\/","og_locale":"de_DE","og_type":"article","og_title":"Widerrufsbelehrung &#8211; Echtholzstuhl","og_description":"Widerrufsbelehrung - Echtholzstuhl - Massivholz Stuhl aus der Manufaktur Schreinerei Klaus Bartels Echtolzdesign Thurnau, seit 1975.","og_url":"https:\/\/www.klaus-bartels.de\/shop\/informationen\/widerrufsbelehrung\/","og_site_name":"Echtholzstuhl","article_modified_time":"2020-09-07T12:40:54+00:00","twitter_card":"summary_large_image","twitter_misc":{"Gesch\u00e4tzte Lesezeit":"2\u00a0Minuten"},"schema":{"@context":"https:\/\/schema.org","@graph":[{"@type":"WebPage","@id":"https:\/\/www.klaus-bartels.de\/shop\/informationen\/widerrufsbelehrung\/","url":"https:\/\/www.klaus-bartels.de\/shop\/informationen\/widerrufsbelehrung\/","name":"Widerrufsbelehrung &#8211; Echtholzstuhl","isPartOf":{"@id":"https:\/\/www.klaus-bartels.de\/shop\/#website"},"datePublished":"2019-01-01T15:59:29+00:00","dateModified":"2020-09-07T12:40:54+00:00","description":"Widerrufsbelehrung - Echtholzstuhl - Massivholz Stuhl aus der Manufaktur Schreinerei Klaus Bartels Echtolzdesign Thurnau, seit 1975.","breadcrumb":{"@id":"https:\/\/www.klaus-bartels.de\/shop\/informationen\/widerrufsbelehrung\/#breadcrumb"},"inLanguage":"de","potentialAction":[{"@type":"ReadAction","target":["https:\/\/www.klaus-bartels.de\/shop\/informationen\/widerrufsbelehrung\/"]}]},{"@type":"BreadcrumbList","@id":"https:\/\/www.klaus-bartels.de\/shop\/informationen\/widerrufsbelehrung\/#breadcrumb","itemListElement":[{"@type":"ListItem","position":1,"name":"Startseite","item":"https:\/\/www.klaus-bartels.de\/shop\/"},{"@type":"ListItem","position":2,"name":"Informationen","item":"https:\/\/www.klaus-bartels.de\/shop\/informationen\/"},{"@type":"ListItem","position":3,"name":"Widerrufsbelehrung"}]},{"@type":"WebSite","@id":"https:\/\/www.klaus-bartels.de\/shop\/#website","url":"https:\/\/www.klaus-bartels.de\/shop\/","name":"Echtholzstuhl - Massivholzst\u00fchle von Klaus Bartels Schreinerei Thurnau","description":"Klaus Bartels - Echtholzdesign - Schreinerei | Thurnau","publisher":{"@id":"https:\/\/www.klaus-bartels.de\/shop\/#organization"},"potentialAction":[{"@type":"SearchAction","target":{"@type":"EntryPoint","urlTemplate":"https:\/\/www.klaus-bartels.de\/shop\/?s={search_term_string}"},"query-input":"required name=search_term_string"}],"inLanguage":"de"},{"@type":"Organization","@id":"https:\/\/www.klaus-bartels.de\/shop\/#organization","name":"Echtholzstuhl \u2013 Klaus Bartels \u2013 Schreinerei","url":"https:\/\/www.klaus-bartels.de\/shop\/","logo":{"@type":"ImageObject","inLanguage":"de","@id":"https:\/\/www.klaus-bartels.de\/shop\/#\/schema\/logo\/image\/","url":"https:\/\/www.klaus-bartels.de\/shop\/wp-content\/uploads\/2019\/01\/logo_footer_echtholzstuhl_thurnau.png","contentUrl":"https:\/\/www.klaus-bartels.de\/shop\/wp-content\/uploads\/2019\/01\/logo_footer_echtholzstuhl_thurnau.png","width":435,"height":92,"caption":"Echtholzstuhl \u2013 Klaus Bartels \u2013 Schreinerei"},"image":{"@id":"https:\/\/www.klaus-bartels.de\/shop\/#\/schema\/logo\/image\/"}}]}},"_links":{"self":[{"href":"https:\/\/www.klaus-bartels.de\/shop\/wp-json\/wp\/v2\/pages\/4160"}],"collection":[{"href":"https:\/\/www.klaus-bartels.de\/shop\/wp-json\/wp\/v2\/pages"}],"about":[{"href":"https:\/\/www.klaus-bartels.de\/shop\/wp-json\/wp\/v2\/types\/page"}],"author":[{"embeddable":true,"href":"https:\/\/www.klaus-bartels.de\/shop\/wp-json\/wp\/v2\/users\/1"}],"replies":[{"embeddable":true,"href":"https:\/\/www.klaus-bartels.de\/shop\/wp-json\/wp\/v2\/comments?post=4160"}],"version-history":[{"count":12,"href":"https:\/\/www.klaus-bartels.de\/shop\/wp-json\/wp\/v2\/pages\/4160\/revisions"}],"predecessor-version":[{"id":4711,"href":"https:\/\/www.klaus-bartels.de\/shop\/wp-json\/wp\/v2\/pages\/4160\/revisions\/4711"}],"up":[{"embeddable":true,"href":"https:\/\/www.klaus-bartels.de\/shop\/wp-json\/wp\/v2\/pages\/4907"}],"wp:attachment":[{"href":"https:\/\/www.klaus-bartels.de\/shop\/wp-json\/wp\/v2\/media?parent=4160"}],"curies":[{"name":"wp","href":"https:\/\/api.w.org\/{rel}","templated":true}]}}